{"id":2550,"date":"2020-10-13T13:18:34","date_gmt":"2020-10-13T16:18:34","guid":{"rendered":"https:\/\/weage.com.br\/site\/?page_id=2550"},"modified":"2020-10-13T13:57:50","modified_gmt":"2020-10-13T16:57:50","slug":"assessment","status":"publish","type":"page","link":"https:\/\/weage.com.br\/site\/assessment\/","title":{"rendered":""},"content":{"rendered":"<p>{&#8220;main-title&#8221;:{&#8220;component&#8221;:&#8221;hc_title&#8221;,&#8221;id&#8221;:&#8221;main-title&#8221;,&#8221;subtitle&#8221;:&#8221;&#8221;,&#8221;title_content&#8221;:{&#8220;component&#8221;:&#8221;hc_title_image&#8221;,&#8221;id&#8221;:&#8221;title-image&#8221;,&#8221;image&#8221;:&#8221;https:\/\/weage.com.br\/site\/wp-content\/uploads\/2020\/10\/precadastro-site-1024&#215;466.png|702|1543|2553&#8243;,&#8221;full_screen&#8221;:true,&#8221;full_screen_height&#8221;:&#8221;&#8221;,&#8221;parallax&#8221;:false,&#8221;bleed&#8221;:&#8221;&#8221;,&#8221;ken_burn&#8221;:&#8221;&#8221;,&#8221;overlay&#8221;:&#8221;&#8221;,&#8221;breadcrumbs&#8221;:false,&#8221;white&#8221;:true},&#8221;title&#8221;:&#8221;&#8221;},&#8221;section_5ZtkF&#8221;:{&#8220;component&#8221;:&#8221;hc_section&#8221;,&#8221;id&#8221;:&#8221;section_5ZtkF&#8221;,&#8221;section_width&#8221;:&#8221;&#8221;,&#8221;animation&#8221;:&#8221;&#8221;,&#8221;animation_time&#8221;:&#8221;&#8221;,&#8221;timeline_animation&#8221;:&#8221;&#8221;,&#8221;timeline_delay&#8221;:&#8221;&#8221;,&#8221;timeline_order&#8221;:&#8221;&#8221;,&#8221;vertical_row&#8221;:&#8221;&#8221;,&#8221;box_middle&#8221;:&#8221;&#8221;,&#8221;css_classes&#8221;:&#8221;&#8221;,&#8221;custom_css_classes&#8221;:&#8221;&#8221;,&#8221;custom_css_styles&#8221;:&#8221;&#8221;,&#8221;section_content&#8221;:[{&#8220;component&#8221;:&#8221;hc_column&#8221;,&#8221;id&#8221;:&#8221;column_5ZtkF&#8221;,&#8221;column_width&#8221;:&#8221;col-md-1&#8243;,&#8221;animation&#8221;:&#8221;&#8221;,&#8221;animation_time&#8221;:&#8221;&#8221;,&#8221;timeline_animation&#8221;:&#8221;&#8221;,&#8221;timeline_delay&#8221;:&#8221;&#8221;,&#8221;timeline_order&#8221;:&#8221;&#8221;,&#8221;css_classes&#8221;:&#8221;&#8221;,&#8221;custom_css_classes&#8221;:&#8221;&#8221;,&#8221;custom_css_styles&#8221;:&#8221;&#8221;,&#8221;main_content&#8221;:[]},{&#8220;component&#8221;:&#8221;hc_column&#8221;,&#8221;id&#8221;:&#8221;column_5ZtkF&#8221;,&#8221;column_width&#8221;:&#8221;col-md-10&#8243;,&#8221;animation&#8221;:&#8221;&#8221;,&#8221;animation_time&#8221;:&#8221;&#8221;,&#8221;timeline_animation&#8221;:&#8221;&#8221;,&#8221;timeline_delay&#8221;:&#8221;&#8221;,&#8221;timeline_order&#8221;:&#8221;&#8221;,&#8221;css_classes&#8221;:&#8221;&#8221;,&#8221;custom_css_classes&#8221;:&#8221;&#8221;,&#8221;custom_css_styles&#8221;:&#8221;&#8221;,&#8221;main_content&#8221;:[{&#8220;component&#8221;:&#8221;hc_text_block&#8221;,&#8221;id&#8221;:&#8221;1JFyF&#8221;,&#8221;css_classes&#8221;:&#8221;text-light text-m &#8220;,&#8221;custom_css_classes&#8221;:&#8221;&#8221;,&#8221;custom_css_styles&#8221;:&#8221;&#8221;,&#8221;content&#8221;:&#8221;Ter a inten\u00e7\u00e3o de gerenciar de forma otimizada a for\u00e7a de trabalho 50+ \u00e9 a mola propulsora para a constru\u00e7\u00e3o de um di\u00e1logo incr\u00edvel com os seus colaboradores e o mercado. Isso voc\u00ea j\u00e1 tem! \\n\\nEngajar pessoas nessa perspectiva \u00e9 uma quest\u00e3o de atitude. Isso voc\u00ea tamb\u00e9m j\u00e1 tem! \\n\\nSabendo que os desafios da longevidade s\u00e3o complexos e diversificados, entender qual dire\u00e7\u00e3o a sua organiza\u00e7\u00e3o deve seguir, e principalmente, se ela est\u00e1 realmente preparada para caminhar nessa dire\u00e7\u00e3o \u00e9 fundamental. Ao avaliar pontos fortes e lacunas, conseguimos tra\u00e7ar planos concretos em dire\u00e7\u00e3o a uma cultura longevity-ready potente e preparada para atuar no contexto da economia da longevidade. Isso inclui estrat\u00e9gia, plano de a\u00e7\u00e3o com indicadores e acompanhamento de resultados. &#8220;},{&#8220;component&#8221;:&#8221;hc_space&#8221;,&#8221;id&#8221;:&#8221;Vb0k6&#8243;,&#8221;css_classes&#8221;:&#8221;&#8221;,&#8221;custom_css_classes&#8221;:&#8221;&#8221;,&#8221;custom_css_styles&#8221;:&#8221;&#8221;,&#8221;size&#8221;:&#8221;m&#8221;,&#8221;height&#8221;:&#8221;&#8221;},{&#8220;component&#8221;:&#8221;hc_text_block&#8221;,&#8221;id&#8221;:&#8221;gzk02&#8243;,&#8221;css_classes&#8221;:&#8221;text-l &#8220;,&#8221;custom_css_classes&#8221;:&#8221;&#8221;,&#8221;custom_css_styles&#8221;:&#8221;&#8221;,&#8221;content&#8221;:&#8221;O primeiro passo para ter dom\u00ednio sobre tudo isso \u00e9: medir o grau de maturidade da gest\u00e3o quando o assunto \u00e9 a longevidade da for\u00e7a de trabalho. E nisso, n\u00f3s vamos ajudar!&#8221;},{&#8220;component&#8221;:&#8221;hc_space&#8221;,&#8221;id&#8221;:&#8221;472gG&#8221;,&#8221;css_classes&#8221;:&#8221;&#8221;,&#8221;custom_css_classes&#8221;:&#8221;&#8221;,&#8221;custom_css_styles&#8221;:&#8221;&#8221;,&#8221;size&#8221;:&#8221;m&#8221;,&#8221;height&#8221;:&#8221;&#8221;},{&#8220;component&#8221;:&#8221;hc_text_block&#8221;,&#8221;id&#8221;:&#8221;vAiIv&#8221;,&#8221;css_classes&#8221;:&#8221;text-light text-m &#8220;,&#8221;custom_css_classes&#8221;:&#8221;&#8221;,&#8221;custom_css_styles&#8221;:&#8221;&#8221;,&#8221;content&#8221;:&#8221;Estamos iniciando um estudo com organiza\u00e7\u00f5es de todo o Brasil. Ao participar do estudo, sua organiza\u00e7\u00e3o colabora para entendermos o mercado de trabalho brasileiro, ao mesmo tempo que recebe gratuitamente um relat\u00f3rio individualizado com seus resultados. \\n\\nTrabalhamos com um question\u00e1rio desenvolvido em pesquisas cient\u00edficas realizadas na COPPE\/UFRJ, que avalia 7 crit\u00e9rios da gest\u00e3o da longevidade da for\u00e7a de trabalho nas organiza\u00e7\u00f5es. Todos os dados s\u00e3o sigilosos e confidenciais. S\u00f3 voc\u00ea ter\u00e1 acesso aos resultados individualizados da sua organiza\u00e7\u00e3o. N\u00e3o compartilhamos dados das nossas bases com parceiros.\\n\\nSe voc\u00ea tem 3 minutos livres e interesse em realizar o assessment gratuito para a sua organiza\u00e7\u00e3o, fa\u00e7a o pr\u00e9-cadastro hoje mesmo. &#8220;},{&#8220;component&#8221;:&#8221;hc_space&#8221;,&#8221;id&#8221;:&#8221;QmXDA&#8221;,&#8221;css_classes&#8221;:&#8221;&#8221;,&#8221;custom_css_classes&#8221;:&#8221;&#8221;,&#8221;custom_css_styles&#8221;:&#8221;&#8221;,&#8221;size&#8221;:&#8221;m&#8221;,&#8221;height&#8221;:&#8221;&#8221;},{&#8220;component&#8221;:&#8221;hc_button&#8221;,&#8221;id&#8221;:&#8221;P4czY&#8221;,&#8221;css_classes&#8221;:&#8221;&#8221;,&#8221;custom_css_classes&#8221;:&#8221;&#8221;,&#8221;custom_css_styles&#8221;:&#8221;&#8221;,&#8221;icon&#8221;:&#8221;&#8221;,&#8221;style&#8221;:&#8221;circle&#8221;,&#8221;size&#8221;:&#8221;btn-lg&#8221;,&#8221;position&#8221;:&#8221;left&#8221;,&#8221;animation&#8221;:true,&#8221;text&#8221;:&#8221;CADASTRAR AGORA&#8221;,&#8221;link_type&#8221;:&#8221;classic&#8221;,&#8221;lightbox_animation&#8221;:&#8221;&#8221;,&#8221;caption&#8221;:&#8221;&#8221;,&#8221;inner_caption&#8221;:false,&#8221;new_window&#8221;:false,&#8221;link&#8221;:&#8221;https:\/\/docs.google.com\/forms\/d\/e\/1FAIpQLSfVEZRM4U04baV6RtK-K65AFclM8SJFV1K8rITWncOETEBwTA\/viewform&#8221;,&#8221;link_content&#8221;:[],&#8221;lightbox_size&#8221;:&#8221;&#8221;,&#8221;scrollbox&#8221;:false}]},{&#8220;component&#8221;:&#8221;hc_column&#8221;,&#8221;id&#8221;:&#8221;column_5ZtkF&#8221;,&#8221;column_width&#8221;:&#8221;col-md-1&#8243;,&#8221;animation&#8221;:&#8221;&#8221;,&#8221;animation_time&#8221;:&#8221;&#8221;,&#8221;timeline_animation&#8221;:&#8221;&#8221;,&#8221;timeline_delay&#8221;:&#8221;&#8221;,&#8221;timeline_order&#8221;:&#8221;&#8221;,&#8221;css_classes&#8221;:&#8221;&#8221;,&#8221;custom_css_classes&#8221;:&#8221;&#8221;,&#8221;custom_css_styles&#8221;:&#8221;&#8221;,&#8221;main_content&#8221;:[]}],&#8221;section_settings&#8221;:&#8221;&#8221;},&#8221;column_uTBzQ&#8221;:{&#8220;id&#8221;:&#8221;column_uTBzQ&#8221;,&#8221;main_content&#8221;:{&#8220;component&#8221;:&#8221;hc_space&#8221;,&#8221;id&#8221;:&#8221;Vb0k6&#8243;,&#8221;css_classes&#8221;:&#8221;&#8221;,&#8221;custom_css_classes&#8221;:&#8221;&#8221;,&#8221;custom_css_styles&#8221;:&#8221;&#8221;,&#8221;size&#8221;:&#8221;m&#8221;,&#8221;height&#8221;:&#8221;&#8221;}},&#8221;column_iD0Wr&#8221;:{&#8220;id&#8221;:&#8221;column_iD0Wr&#8221;,&#8221;main_content&#8221;:{&#8220;component&#8221;:&#8221;hc_text_block&#8221;,&#8221;id&#8221;:&#8221;vAiIv&#8221;,&#8221;css_classes&#8221;:&#8221;text-light text-m &#8220;,&#8221;custom_css_classes&#8221;:&#8221;&#8221;,&#8221;custom_css_styles&#8221;:&#8221;&#8221;,&#8221;content&#8221;:&#8221;Estamos iniciando um estudo com organiza\u00e7\u00f5es de todo o Brasil. Ao participar do estudo, sua organiza\u00e7\u00e3o colabora para entendermos o mercado de trabalho brasileiro, ao mesmo tempo que recebe gratuitamente um relat\u00f3rio individualizado com seus resultados. \\n\\nTrabalhamos com um question\u00e1rio desenvolvido em pesquisas cient\u00edficas realizadas na COPPE\/UFRJ, que avalia 7 crit\u00e9rios da gest\u00e3o da longevidade da for\u00e7a de trabalho nas organiza\u00e7\u00f5es. Todos os dados s\u00e3o sigilosos e confidenciais. S\u00f3 voc\u00ea ter\u00e1 acesso aos resultados individualizados da sua organiza\u00e7\u00e3o. N\u00e3o compartilhamos dados das nossas bases com parceiros.\\n\\nSe voc\u00ea tem 3 minutos livres e interesse em realizar o assessment gratuito para a sua organiza\u00e7\u00e3o, fa\u00e7a o pr\u00e9-cadastro hoje mesmo. &#8220;}},&#8221;column_z3hbU&#8221;:{&#8220;id&#8221;:&#8221;column_z3hbU&#8221;,&#8221;main_content&#8221;:{&#8220;component&#8221;:&#8221;hc_space&#8221;,&#8221;id&#8221;:&#8221;QmXDA&#8221;,&#8221;css_classes&#8221;:&#8221;&#8221;,&#8221;custom_css_classes&#8221;:&#8221;&#8221;,&#8221;custom_css_styles&#8221;:&#8221;&#8221;,&#8221;size&#8221;:&#8221;m&#8221;,&#8221;height&#8221;:&#8221;&#8221;}},&#8221;scripts&#8221;:{},&#8221;css&#8221;:{},&#8221;css_page&#8221;:&#8221;&#8221;,&#8221;template_setting&#8221;:{&#8220;settings&#8221;:{&#8220;id&#8221;:&#8221;settings&#8221;}},&#8221;template_setting_top&#8221;:{},&#8221;page_setting&#8221;:{&#8220;settings&#8221;:[&#8220;lock-mode-off&#8221;]}}<\/p>\n","protected":false},"excerpt":{"rendered":"<p>{&#8220;main-title&#8221;:{&#8220;component&#8221;:&#8221;hc_title&#8221;,&#8221;id&#8221;:&#8221;main-title&#8221;,&#8221;subtitle&#8221;:&#8221;&#8221;,&#8221;title_content&#8221;:{&#8220;component&#8221;:&#8221;hc_title_image&#8221;,&#8221;id&#8221;:&#8221;title-image&#8221;,&#8221;image&#8221;:&#8221;https:\/\/weage.com.br\/site\/wp-content\/uploads\/2020\/10\/precadastro-site-1024&#215;466.png|702|1543|2553&#8243;,&#8221;full_screen&#8221;:true,&#8221;full_screen_height&#8221;:&#8221;&#8221;,&#8221;parallax&#8221;:false,&#8221;bleed&#8221;:&#8221;&#8221;,&#8221;ken_burn&#8221;:&#8221;&#8221;,&#8221;overlay&#8221;:&#8221;&#8221;,&#8221;breadcrumbs&#8221;:false,&#8221;white&#8221;:true},&#8221;title&#8221;:&#8221;&#8221;},&#8221;section_5ZtkF&#8221;:{&#8220;component&#8221;:&#8221;hc_section&#8221;,&#8221;id&#8221;:&#8221;section_5ZtkF&#8221;,&#8221;section_width&#8221;:&#8221;&#8221;,&#8221;animation&#8221;:&#8221;&#8221;,&#8221;animation_time&#8221;:&#8221;&#8221;,&#8221;timeline_animation&#8221;:&#8221;&#8221;,&#8221;timeline_delay&#8221;:&#8221;&#8221;,&#8221;timeline_order&#8221;:&#8221;&#8221;,&#8221;vertical_row&#8221;:&#8221;&#8221;,&#8221;box_middle&#8221;:&#8221;&#8221;,&#8221;css_classes&#8221;:&#8221;&#8221;,&#8221;custom_css_classes&#8221;:&#8221;&#8221;,&#8221;custom_css_styles&#8221;:&#8221;&#8221;,&#8221;section_content&#8221;:[{&#8220;component&#8221;:&#8221;hc_column&#8221;,&#8221;id&#8221;:&#8221;column_5ZtkF&#8221;,&#8221;column_width&#8221;:&#8221;col-md-1&#8243;,&#8221;animation&#8221;:&#8221;&#8221;,&#8221;animation_time&#8221;:&#8221;&#8221;,&#8221;timeline_animation&#8221;:&#8221;&#8221;,&#8221;timeline_delay&#8221;:&#8221;&#8221;,&#8221;timeline_order&#8221;:&#8221;&#8221;,&#8221;css_classes&#8221;:&#8221;&#8221;,&#8221;custom_css_classes&#8221;:&#8221;&#8221;,&#8221;custom_css_styles&#8221;:&#8221;&#8221;,&#8221;main_content&#8221;:[]},{&#8220;component&#8221;:&#8221;hc_column&#8221;,&#8221;id&#8221;:&#8221;column_5ZtkF&#8221;,&#8221;column_width&#8221;:&#8221;col-md-10&#8243;,&#8221;animation&#8221;:&#8221;&#8221;,&#8221;animation_time&#8221;:&#8221;&#8221;,&#8221;timeline_animation&#8221;:&#8221;&#8221;,&#8221;timeline_delay&#8221;:&#8221;&#8221;,&#8221;timeline_order&#8221;:&#8221;&#8221;,&#8221;css_classes&#8221;:&#8221;&#8221;,&#8221;custom_css_classes&#8221;:&#8221;&#8221;,&#8221;custom_css_styles&#8221;:&#8221;&#8221;,&#8221;main_content&#8221;:[{&#8220;component&#8221;:&#8221;hc_text_block&#8221;,&#8221;id&#8221;:&#8221;1JFyF&#8221;,&#8221;css_classes&#8221;:&#8221;text-light text-m &#8220;,&#8221;custom_css_classes&#8221;:&#8221;&#8221;,&#8221;custom_css_styles&#8221;:&#8221;&#8221;,&#8221;content&#8221;:&#8221;Ter a inten\u00e7\u00e3o de gerenciar de forma otimizada a for\u00e7a de trabalho 50+ \u00e9 a mola propulsora para a constru\u00e7\u00e3o de um di\u00e1logo incr\u00edvel com os seus colaboradores e o mercado. Isso voc\u00ea j\u00e1 tem! \\n\\nEngajar pessoas nessa perspectiva \u00e9 uma quest\u00e3o de atitude. Isso voc\u00ea tamb\u00e9m j\u00e1 tem! \\n\\nSabendo que os desafios [&hellip;]<\/p>\n","protected":false},"author":1,"featured_media":0,"parent":0,"menu_order":0,"comment_status":"closed","ping_status":"closed","template":"","meta":{"_acf_changed":false,"_monsterinsights_skip_tracking":false,"_monsterinsights_sitenote_active":false,"_monsterinsights_sitenote_note":"","_monsterinsights_sitenote_category":0,"footnotes":""},"class_list":["post-2550","page","type-page","status-publish","hentry"],"acf":[],"yoast_head":"<!-- This site is optimized with the Yoast SEO plugin v27.2 - https:\/\/yoast.com\/product\/yoast-seo-wordpress\/ -->\n<title>- WeAge - Educa\u00e7\u00e3o para a Longevidade<\/title>\n<meta name=\"robots\" content=\"index, follow, max-snippet:-1, max-image-preview:large, max-video-preview:-1\" \/>\n<link rel=\"canonical\" href=\"https:\/\/weage.com.br\/site\/assessment\/\" \/>\n<meta property=\"og:locale\" content=\"pt_PT\" \/>\n<meta property=\"og:type\" content=\"article\" \/>\n<meta property=\"og:title\" content=\"- WeAge - Educa\u00e7\u00e3o para a Longevidade\" \/>\n<meta property=\"og:description\" content=\"{&#8220;main-title&#8221;:{&#8220;component&#8221;:&#8221;hc_title&#8221;,&#8221;id&#8221;:&#8221;main-title&#8221;,&#8221;subtitle&#8221;:&#8221;&#8221;,&#8221;title_content&#8221;:{&#8220;component&#8221;:&#8221;hc_title_image&#8221;,&#8221;id&#8221;:&#8221;title-image&#8221;,&#8221;image&#8221;:&#8221;https:\/\/weage.com.br\/site\/wp-content\/uploads\/2020\/10\/precadastro-site-1024&#215;466.png|702|1543|2553&#8243;,&#8221;full_screen&#8221;:true,&#8221;full_screen_height&#8221;:&#8221;&#8221;,&#8221;parallax&#8221;:false,&#8221;bleed&#8221;:&#8221;&#8221;,&#8221;ken_burn&#8221;:&#8221;&#8221;,&#8221;overlay&#8221;:&#8221;&#8221;,&#8221;breadcrumbs&#8221;:false,&#8221;white&#8221;:true},&#8221;title&#8221;:&#8221;&#8221;},&#8221;section_5ZtkF&#8221;:{&#8220;component&#8221;:&#8221;hc_section&#8221;,&#8221;id&#8221;:&#8221;section_5ZtkF&#8221;,&#8221;section_width&#8221;:&#8221;&#8221;,&#8221;animation&#8221;:&#8221;&#8221;,&#8221;animation_time&#8221;:&#8221;&#8221;,&#8221;timeline_animation&#8221;:&#8221;&#8221;,&#8221;timeline_delay&#8221;:&#8221;&#8221;,&#8221;timeline_order&#8221;:&#8221;&#8221;,&#8221;vertical_row&#8221;:&#8221;&#8221;,&#8221;box_middle&#8221;:&#8221;&#8221;,&#8221;css_classes&#8221;:&#8221;&#8221;,&#8221;custom_css_classes&#8221;:&#8221;&#8221;,&#8221;custom_css_styles&#8221;:&#8221;&#8221;,&#8221;section_content&#8221;:[{&#8220;component&#8221;:&#8221;hc_column&#8221;,&#8221;id&#8221;:&#8221;column_5ZtkF&#8221;,&#8221;column_width&#8221;:&#8221;col-md-1&#8243;,&#8221;animation&#8221;:&#8221;&#8221;,&#8221;animation_time&#8221;:&#8221;&#8221;,&#8221;timeline_animation&#8221;:&#8221;&#8221;,&#8221;timeline_delay&#8221;:&#8221;&#8221;,&#8221;timeline_order&#8221;:&#8221;&#8221;,&#8221;css_classes&#8221;:&#8221;&#8221;,&#8221;custom_css_classes&#8221;:&#8221;&#8221;,&#8221;custom_css_styles&#8221;:&#8221;&#8221;,&#8221;main_content&#8221;:[]},{&#8220;component&#8221;:&#8221;hc_column&#8221;,&#8221;id&#8221;:&#8221;column_5ZtkF&#8221;,&#8221;column_width&#8221;:&#8221;col-md-10&#8243;,&#8221;animation&#8221;:&#8221;&#8221;,&#8221;animation_time&#8221;:&#8221;&#8221;,&#8221;timeline_animation&#8221;:&#8221;&#8221;,&#8221;timeline_delay&#8221;:&#8221;&#8221;,&#8221;timeline_order&#8221;:&#8221;&#8221;,&#8221;css_classes&#8221;:&#8221;&#8221;,&#8221;custom_css_classes&#8221;:&#8221;&#8221;,&#8221;custom_css_styles&#8221;:&#8221;&#8221;,&#8221;main_content&#8221;:[{&#8220;component&#8221;:&#8221;hc_text_block&#8221;,&#8221;id&#8221;:&#8221;1JFyF&#8221;,&#8221;css_classes&#8221;:&#8221;text-light text-m &#8220;,&#8221;custom_css_classes&#8221;:&#8221;&#8221;,&#8221;custom_css_styles&#8221;:&#8221;&#8221;,&#8221;content&#8221;:&#8221;Ter a inten\u00e7\u00e3o de gerenciar de forma otimizada a for\u00e7a de trabalho 50+ \u00e9 a mola propulsora para a constru\u00e7\u00e3o de um di\u00e1logo incr\u00edvel com os seus colaboradores e o mercado. Isso voc\u00ea j\u00e1 tem! nnEngajar pessoas nessa perspectiva \u00e9 uma quest\u00e3o de atitude. Isso voc\u00ea tamb\u00e9m j\u00e1 tem! nnSabendo que os desafios [&hellip;]\" \/>\n<meta property=\"og:url\" content=\"https:\/\/weage.com.br\/site\/assessment\/\" \/>\n<meta property=\"og:site_name\" content=\"WeAge - Educa\u00e7\u00e3o para a Longevidade\" \/>\n<meta property=\"article:publisher\" content=\"https:\/\/www.facebook.com\/WeAge\" \/>\n<meta property=\"article:modified_time\" content=\"2020-10-13T16:57:50+00:00\" \/>\n<meta name=\"twitter:card\" content=\"summary_large_image\" \/>\n<meta name=\"twitter:label1\" content=\"Tempo estimado de leitura\" \/>\n\t<meta name=\"twitter:data1\" content=\"4 minutos\" \/>\n<script type=\"application\/ld+json\" class=\"yoast-schema-graph\">{\"@context\":\"https:\/\/schema.org\",\"@graph\":[{\"@type\":\"WebPage\",\"@id\":\"https:\/\/weage.com.br\/site\/assessment\/\",\"url\":\"https:\/\/weage.com.br\/site\/assessment\/\",\"name\":\"- WeAge - Educa\u00e7\u00e3o para a Longevidade\",\"isPartOf\":{\"@id\":\"https:\/\/weage.com.br\/site\/#website\"},\"datePublished\":\"2020-10-13T16:18:34+00:00\",\"dateModified\":\"2020-10-13T16:57:50+00:00\",\"inLanguage\":\"pt-PT\",\"potentialAction\":[{\"@type\":\"ReadAction\",\"target\":[\"https:\/\/weage.com.br\/site\/assessment\/\"]}]},{\"@type\":\"WebSite\",\"@id\":\"https:\/\/weage.com.br\/site\/#website\",\"url\":\"https:\/\/weage.com.br\/site\/\",\"name\":\"WeAge\",\"description\":\"\",\"publisher\":{\"@id\":\"https:\/\/weage.com.br\/site\/#organization\"},\"potentialAction\":[{\"@type\":\"SearchAction\",\"target\":{\"@type\":\"EntryPoint\",\"urlTemplate\":\"https:\/\/weage.com.br\/site\/?s={search_term_string}\"},\"query-input\":{\"@type\":\"PropertyValueSpecification\",\"valueRequired\":true,\"valueName\":\"search_term_string\"}}],\"inLanguage\":\"pt-PT\"},{\"@type\":\"Organization\",\"@id\":\"https:\/\/weage.com.br\/site\/#organization\",\"name\":\"WeAge\",\"url\":\"https:\/\/weage.com.br\/site\/\",\"logo\":{\"@type\":\"ImageObject\",\"inLanguage\":\"pt-PT\",\"@id\":\"https:\/\/weage.com.br\/site\/#\/schema\/logo\/image\/\",\"url\":\"https:\/\/weage.com.br\/site\/wp-content\/uploads\/2018\/11\/WeAge-logo.png\",\"contentUrl\":\"https:\/\/weage.com.br\/site\/wp-content\/uploads\/2018\/11\/WeAge-logo.png\",\"width\":1506,\"height\":245,\"caption\":\"WeAge\"},\"image\":{\"@id\":\"https:\/\/weage.com.br\/site\/#\/schema\/logo\/image\/\"},\"sameAs\":[\"https:\/\/www.facebook.com\/WeAge\",\"https:\/\/www.instagram.com\/we.age\/\",\"https:\/\/www.linkedin.com\/company\/11756913\"]}]}<\/script>\n<!-- \/ Yoast SEO plugin. -->","yoast_head_json":{"title":"- WeAge - Educa\u00e7\u00e3o para a Longevidade","robots":{"index":"index","follow":"follow","max-snippet":"max-snippet:-1","max-image-preview":"max-image-preview:large","max-video-preview":"max-video-preview:-1"},"canonical":"https:\/\/weage.com.br\/site\/assessment\/","og_locale":"pt_PT","og_type":"article","og_title":"- WeAge - Educa\u00e7\u00e3o para a Longevidade","og_description":"{&#8220;main-title&#8221;:{&#8220;component&#8221;:&#8221;hc_title&#8221;,&#8221;id&#8221;:&#8221;main-title&#8221;,&#8221;subtitle&#8221;:&#8221;&#8221;,&#8221;title_content&#8221;:{&#8220;component&#8221;:&#8221;hc_title_image&#8221;,&#8221;id&#8221;:&#8221;title-image&#8221;,&#8221;image&#8221;:&#8221;https:\/\/weage.com.br\/site\/wp-content\/uploads\/2020\/10\/precadastro-site-1024&#215;466.png|702|1543|2553&#8243;,&#8221;full_screen&#8221;:true,&#8221;full_screen_height&#8221;:&#8221;&#8221;,&#8221;parallax&#8221;:false,&#8221;bleed&#8221;:&#8221;&#8221;,&#8221;ken_burn&#8221;:&#8221;&#8221;,&#8221;overlay&#8221;:&#8221;&#8221;,&#8221;breadcrumbs&#8221;:false,&#8221;white&#8221;:true},&#8221;title&#8221;:&#8221;&#8221;},&#8221;section_5ZtkF&#8221;:{&#8220;component&#8221;:&#8221;hc_section&#8221;,&#8221;id&#8221;:&#8221;section_5ZtkF&#8221;,&#8221;section_width&#8221;:&#8221;&#8221;,&#8221;animation&#8221;:&#8221;&#8221;,&#8221;animation_time&#8221;:&#8221;&#8221;,&#8221;timeline_animation&#8221;:&#8221;&#8221;,&#8221;timeline_delay&#8221;:&#8221;&#8221;,&#8221;timeline_order&#8221;:&#8221;&#8221;,&#8221;vertical_row&#8221;:&#8221;&#8221;,&#8221;box_middle&#8221;:&#8221;&#8221;,&#8221;css_classes&#8221;:&#8221;&#8221;,&#8221;custom_css_classes&#8221;:&#8221;&#8221;,&#8221;custom_css_styles&#8221;:&#8221;&#8221;,&#8221;section_content&#8221;:[{&#8220;component&#8221;:&#8221;hc_column&#8221;,&#8221;id&#8221;:&#8221;column_5ZtkF&#8221;,&#8221;column_width&#8221;:&#8221;col-md-1&#8243;,&#8221;animation&#8221;:&#8221;&#8221;,&#8221;animation_time&#8221;:&#8221;&#8221;,&#8221;timeline_animation&#8221;:&#8221;&#8221;,&#8221;timeline_delay&#8221;:&#8221;&#8221;,&#8221;timeline_order&#8221;:&#8221;&#8221;,&#8221;css_classes&#8221;:&#8221;&#8221;,&#8221;custom_css_classes&#8221;:&#8221;&#8221;,&#8221;custom_css_styles&#8221;:&#8221;&#8221;,&#8221;main_content&#8221;:[]},{&#8220;component&#8221;:&#8221;hc_column&#8221;,&#8221;id&#8221;:&#8221;column_5ZtkF&#8221;,&#8221;column_width&#8221;:&#8221;col-md-10&#8243;,&#8221;animation&#8221;:&#8221;&#8221;,&#8221;animation_time&#8221;:&#8221;&#8221;,&#8221;timeline_animation&#8221;:&#8221;&#8221;,&#8221;timeline_delay&#8221;:&#8221;&#8221;,&#8221;timeline_order&#8221;:&#8221;&#8221;,&#8221;css_classes&#8221;:&#8221;&#8221;,&#8221;custom_css_classes&#8221;:&#8221;&#8221;,&#8221;custom_css_styles&#8221;:&#8221;&#8221;,&#8221;main_content&#8221;:[{&#8220;component&#8221;:&#8221;hc_text_block&#8221;,&#8221;id&#8221;:&#8221;1JFyF&#8221;,&#8221;css_classes&#8221;:&#8221;text-light text-m &#8220;,&#8221;custom_css_classes&#8221;:&#8221;&#8221;,&#8221;custom_css_styles&#8221;:&#8221;&#8221;,&#8221;content&#8221;:&#8221;Ter a inten\u00e7\u00e3o de gerenciar de forma otimizada a for\u00e7a de trabalho 50+ \u00e9 a mola propulsora para a constru\u00e7\u00e3o de um di\u00e1logo incr\u00edvel com os seus colaboradores e o mercado. Isso voc\u00ea j\u00e1 tem! nnEngajar pessoas nessa perspectiva \u00e9 uma quest\u00e3o de atitude. Isso voc\u00ea tamb\u00e9m j\u00e1 tem! nnSabendo que os desafios [&hellip;]","og_url":"https:\/\/weage.com.br\/site\/assessment\/","og_site_name":"WeAge - Educa\u00e7\u00e3o para a Longevidade","article_publisher":"https:\/\/www.facebook.com\/WeAge","article_modified_time":"2020-10-13T16:57:50+00:00","twitter_card":"summary_large_image","twitter_misc":{"Tempo estimado de leitura":"4 minutos"},"schema":{"@context":"https:\/\/schema.org","@graph":[{"@type":"WebPage","@id":"https:\/\/weage.com.br\/site\/assessment\/","url":"https:\/\/weage.com.br\/site\/assessment\/","name":"- WeAge - Educa\u00e7\u00e3o para a Longevidade","isPartOf":{"@id":"https:\/\/weage.com.br\/site\/#website"},"datePublished":"2020-10-13T16:18:34+00:00","dateModified":"2020-10-13T16:57:50+00:00","inLanguage":"pt-PT","potentialAction":[{"@type":"ReadAction","target":["https:\/\/weage.com.br\/site\/assessment\/"]}]},{"@type":"WebSite","@id":"https:\/\/weage.com.br\/site\/#website","url":"https:\/\/weage.com.br\/site\/","name":"WeAge","description":"","publisher":{"@id":"https:\/\/weage.com.br\/site\/#organization"},"potentialAction":[{"@type":"SearchAction","target":{"@type":"EntryPoint","urlTemplate":"https:\/\/weage.com.br\/site\/?s={search_term_string}"},"query-input":{"@type":"PropertyValueSpecification","valueRequired":true,"valueName":"search_term_string"}}],"inLanguage":"pt-PT"},{"@type":"Organization","@id":"https:\/\/weage.com.br\/site\/#organization","name":"WeAge","url":"https:\/\/weage.com.br\/site\/","logo":{"@type":"ImageObject","inLanguage":"pt-PT","@id":"https:\/\/weage.com.br\/site\/#\/schema\/logo\/image\/","url":"https:\/\/weage.com.br\/site\/wp-content\/uploads\/2018\/11\/WeAge-logo.png","contentUrl":"https:\/\/weage.com.br\/site\/wp-content\/uploads\/2018\/11\/WeAge-logo.png","width":1506,"height":245,"caption":"WeAge"},"image":{"@id":"https:\/\/weage.com.br\/site\/#\/schema\/logo\/image\/"},"sameAs":["https:\/\/www.facebook.com\/WeAge","https:\/\/www.instagram.com\/we.age\/","https:\/\/www.linkedin.com\/company\/11756913"]}]}},"post_mailing_queue_ids":[],"_links":{"self":[{"href":"https:\/\/weage.com.br\/site\/wp-json\/wp\/v2\/pages\/2550","targetHints":{"allow":["GET"]}}],"collection":[{"href":"https:\/\/weage.com.br\/site\/wp-json\/wp\/v2\/pages"}],"about":[{"href":"https:\/\/weage.com.br\/site\/wp-json\/wp\/v2\/types\/page"}],"author":[{"embeddable":true,"href":"https:\/\/weage.com.br\/site\/wp-json\/wp\/v2\/users\/1"}],"replies":[{"embeddable":true,"href":"https:\/\/weage.com.br\/site\/wp-json\/wp\/v2\/comments?post=2550"}],"version-history":[{"count":16,"href":"https:\/\/weage.com.br\/site\/wp-json\/wp\/v2\/pages\/2550\/revisions"}],"predecessor-version":[{"id":2565,"href":"https:\/\/weage.com.br\/site\/wp-json\/wp\/v2\/pages\/2550\/revisions\/2565"}],"wp:attachment":[{"href":"https:\/\/weage.com.br\/site\/wp-json\/wp\/v2\/media?parent=2550"}],"curies":[{"name":"wp","href":"https:\/\/api.w.org\/{rel}","templated":true}]}}